{"id":9,"date":"2021-05-24T15:05:13","date_gmt":"2021-05-24T14:05:13","guid":{"rendered":"https:\/\/www.zimda-kropf.ch\/?page_id=9"},"modified":"2021-06-11T05:40:58","modified_gmt":"2021-06-11T04:40:58","slug":"startseite","status":"publish","type":"page","link":"https:\/\/www.zimda-kropf.ch\/","title":{"rendered":"Herzlich Willkommen!"},"content":{"rendered":"\n<h2 class=\"has-text-align-center wp-block-heading\">Steht bei Ihnen eine umfangreiche Dachsanierung oder Neubau an? <\/h2>\n\n\n\n<h2 class=\"has-text-align-center wp-block-heading\">Dann sind Sie bei uns genau richtig. Bei uns erhalten Sie alles aus einer Hand.<\/h2>\n\n\n\n<div class=\"wp-block-image\"><figure class=\"aligncenter size-large\"><img loading=\"lazy\" decoding=\"async\" width=\"773\" height=\"582\" src=\"https:\/\/www.zimda-kropf.ch\/wp-content\/uploads\/2021\/06\/qyzg0687-1_1.jpg\" alt=\"\" class=\"wp-image-362\" srcset=\"https:\/\/www.zimda-kropf.ch\/wp-content\/uploads\/2021\/06\/qyzg0687-1_1.jpg 773w, https:\/\/www.zimda-kropf.ch\/wp-content\/uploads\/2021\/06\/qyzg0687-1_1-300x226.jpg 300w, https:\/\/www.zimda-kropf.ch\/wp-content\/uploads\/2021\/06\/qyzg0687-1_1-768x578.jpg 768w\" sizes=\"auto, (max-width: 773px) 100vw, 773px\" \/><\/figure><\/div>\n\n\n\n<p class=\"has-text-align-center has-medium-font-size\"><strong>Wir bieten Bauger\u00fcste, Ziegel,- Eternit,- PREFA,- Blech- und Holzschindeld\u00e4cher, sowie Holz- und Eternitfassaden, W\u00e4rmed\u00e4mmungen, Dachunterhalt, Velux Dachfenster Produkte und vieles mehr an.<\/strong><\/p>\n\n\n\n<div class=\"wp-block-image is-style-default\"><figure class=\"aligncenter size-large\"><img loading=\"lazy\" decoding=\"async\" width=\"800\" height=\"600\" src=\"https:\/\/www.zimda-kropf.ch\/wp-content\/uploads\/2021\/06\/img-0912.jpg\" alt=\"\" class=\"wp-image-456\" srcset=\"https:\/\/www.zimda-kropf.ch\/wp-content\/uploads\/2021\/06\/img-0912.jpg 800w, https:\/\/www.zimda-kropf.ch\/wp-content\/uploads\/2021\/06\/img-0912-300x225.jpg 300w, https:\/\/www.zimda-kropf.ch\/wp-content\/uploads\/2021\/06\/img-0912-768x576.jpg 768w\" sizes=\"auto, (max-width: 800px) 100vw, 800px\" \/><figcaption><strong>Holzschindeldach<\/strong><\/figcaption><\/figure><\/div>\n\n\n\n<p><\/p>\n","protected":false},"excerpt":{"rendered":"<p>Steht bei Ihnen eine umfangreiche Dachsanierung oder Neubau an? Dann sind Sie bei uns genau richtig. Bei uns erhalten Sie alles aus einer Hand. Wir bieten Bauger\u00fcste, Ziegel,- Eternit,- PREFA,- &#8230;<\/p>\n","protected":false},"author":1,"featured_media":0,"parent":0,"menu_order":0,"comment_status":"closed","ping_status":"closed","template":"","meta":{"footnotes":""},"class_list":["post-9","page","type-page","status-publish","hentry"],"jetpack_sharing_enabled":true,"_links":{"self":[{"href":"https:\/\/www.zimda-kropf.ch\/index.php?rest_route=\/wp\/v2\/pages\/9","targetHints":{"allow":["GET"]}}],"collection":[{"href":"https:\/\/www.zimda-kropf.ch\/index.php?rest_route=\/wp\/v2\/pages"}],"about":[{"href":"https:\/\/www.zimda-kropf.ch\/index.php?rest_route=\/wp\/v2\/types\/page"}],"author":[{"embeddable":true,"href":"https:\/\/www.zimda-kropf.ch\/index.php?rest_route=\/wp\/v2\/users\/1"}],"replies":[{"embeddable":true,"href":"https:\/\/www.zimda-kropf.ch\/index.php?rest_route=%2Fwp%2Fv2%2Fcomments&post=9"}],"version-history":[{"count":12,"href":"https:\/\/www.zimda-kropf.ch\/index.php?rest_route=\/wp\/v2\/pages\/9\/revisions"}],"predecessor-version":[{"id":543,"href":"https:\/\/www.zimda-kropf.ch\/index.php?rest_route=\/wp\/v2\/pages\/9\/revisions\/543"}],"wp:attachment":[{"href":"https:\/\/www.zimda-kropf.ch\/index.php?rest_route=%2Fwp%2Fv2%2Fmedia&parent=9"}],"curies":[{"name":"wp","href":"https:\/\/api.w.org\/{rel}","templated":true}]}}