{"id":20,"date":"2021-05-24T15:23:43","date_gmt":"2021-05-24T14:23:43","guid":{"rendered":"https:\/\/www.zimda-kropf.ch\/?page_id=20"},"modified":"2024-01-04T10:22:26","modified_gmt":"2024-01-04T09:22:26","slug":"dachfenster","status":"publish","type":"page","link":"https:\/\/www.zimda-kropf.ch\/?page_id=20","title":{"rendered":"Dachfenster"},"content":{"rendered":"\n<p class=\"has-normal-font-size\">Sie m\u00f6chten mehr Licht, Frischluft oder eine angenehme Wohnqualit\u00e4t? Dann ist ein Dachfenster genau das Richtige f\u00fcr Sie. Wir montieren Velux Dachfenster in verschiedenen Varianten. <\/p>\n\n\n\n<ul class=\"has-normal-font-size wp-block-list\">\n<li>Velux Schwing- und Klappfl\u00fcgelfenster Manuell, Elektrisch oder Solarbetrieben.<\/li>\n\n\n\n<li>Hitzeschutz und diverse Storen zur Verdunkelung Manuell, Elektrisch oder Solarbetrieben.<\/li>\n\n\n\n<li>Aussenrolladen Elektrisch oder Solarbetrieben.<\/li>\n\n\n\n<li>Dachfenster Innenfutter als Abschluss zur Innendecke.<\/li>\n\n\n\n<li>Rauch- und W\u00e4rmeabzusanlagen.<\/li>\n<\/ul>\n\n\n\n<p class=\"has-normal-font-size\">Unsere Dachfenster werden fachgerecht inklusive allen wichtigen Anschl\u00fcssen montiert.<\/p>\n\n\n\n<figure class=\"wp-block-gallery has-nested-images columns-default is-cropped wp-block-gallery-1 is-layout-flex wp-block-gallery-is-layout-flex\">\n<figure class=\"wp-block-image size-large\"><img loading=\"lazy\" decoding=\"async\" width=\"768\" height=\"1024\" data-id=\"720\" src=\"https:\/\/www.zimda-kropf.ch\/wp-content\/uploads\/2024\/01\/image0-3-768x1024.jpeg\" alt=\"\" class=\"wp-image-720\" srcset=\"https:\/\/www.zimda-kropf.ch\/wp-content\/uploads\/2024\/01\/image0-3-768x1024.jpeg 768w, https:\/\/www.zimda-kropf.ch\/wp-content\/uploads\/2024\/01\/image0-3-225x300.jpeg 225w, https:\/\/www.zimda-kropf.ch\/wp-content\/uploads\/2024\/01\/image0-3-1152x1536.jpeg 1152w, https:\/\/www.zimda-kropf.ch\/wp-content\/uploads\/2024\/01\/image0-3.jpeg 1536w\" sizes=\"auto, (max-width: 768px) 100vw, 768px\" \/><\/figure>\n\n\n\n<figure class=\"wp-block-image size-large\"><img loading=\"lazy\" decoding=\"async\" width=\"768\" height=\"1024\" data-id=\"721\" src=\"https:\/\/www.zimda-kropf.ch\/wp-content\/uploads\/2024\/01\/image3-2-768x1024.jpeg\" alt=\"\" class=\"wp-image-721\" srcset=\"https:\/\/www.zimda-kropf.ch\/wp-content\/uploads\/2024\/01\/image3-2-768x1024.jpeg 768w, https:\/\/www.zimda-kropf.ch\/wp-content\/uploads\/2024\/01\/image3-2-225x300.jpeg 225w, https:\/\/www.zimda-kropf.ch\/wp-content\/uploads\/2024\/01\/image3-2-1152x1536.jpeg 1152w, https:\/\/www.zimda-kropf.ch\/wp-content\/uploads\/2024\/01\/image3-2.jpeg 1536w\" sizes=\"auto, (max-width: 768px) 100vw, 768px\" \/><\/figure>\n<\/figure>\n\n\n\n<figure class=\"wp-block-gallery has-nested-images columns-default is-cropped wp-block-gallery-2 is-layout-flex wp-block-gallery-is-layout-flex\">\n<figure class=\"wp-block-image size-large\"><a href=\"https:\/\/www.zimda-kropf.ch\/wp-content\/uploads\/2021\/06\/fqnd4762.jpg\"><img loading=\"lazy\" decoding=\"async\" width=\"1024\" height=\"1024\" data-id=\"405\" src=\"https:\/\/www.zimda-kropf.ch\/wp-content\/uploads\/2021\/06\/fqnd4762-1024x1024.jpg\" alt=\"\" class=\"wp-image-405\" srcset=\"https:\/\/www.zimda-kropf.ch\/wp-content\/uploads\/2021\/06\/fqnd4762-1024x1024.jpg 1024w, https:\/\/www.zimda-kropf.ch\/wp-content\/uploads\/2021\/06\/fqnd4762-300x300.jpg 300w, https:\/\/www.zimda-kropf.ch\/wp-content\/uploads\/2021\/06\/fqnd4762-150x150.jpg 150w, https:\/\/www.zimda-kropf.ch\/wp-content\/uploads\/2021\/06\/fqnd4762-768x768.jpg 768w, https:\/\/www.zimda-kropf.ch\/wp-content\/uploads\/2021\/06\/fqnd4762.jpg 1440w\" sizes=\"auto, (max-width: 1024px) 100vw, 1024px\" \/><\/a><\/figure>\n\n\n\n<figure class=\"wp-block-image size-large\"><a href=\"https:\/\/www.zimda-kropf.ch\/wp-content\/uploads\/2021\/06\/vczb5583.jpg\"><img loading=\"lazy\" decoding=\"async\" width=\"1024\" height=\"1024\" data-id=\"406\" src=\"https:\/\/www.zimda-kropf.ch\/wp-content\/uploads\/2021\/06\/vczb5583-1024x1024.jpg\" alt=\"\" class=\"wp-image-406\" srcset=\"https:\/\/www.zimda-kropf.ch\/wp-content\/uploads\/2021\/06\/vczb5583-1024x1024.jpg 1024w, https:\/\/www.zimda-kropf.ch\/wp-content\/uploads\/2021\/06\/vczb5583-300x300.jpg 300w, https:\/\/www.zimda-kropf.ch\/wp-content\/uploads\/2021\/06\/vczb5583-150x150.jpg 150w, https:\/\/www.zimda-kropf.ch\/wp-content\/uploads\/2021\/06\/vczb5583-768x768.jpg 768w, https:\/\/www.zimda-kropf.ch\/wp-content\/uploads\/2021\/06\/vczb5583.jpg 1440w\" sizes=\"auto, (max-width: 1024px) 100vw, 1024px\" \/><\/a><\/figure>\n\n\n\n<figure class=\"wp-block-image size-large\"><a href=\"https:\/\/www.zimda-kropf.ch\/wp-content\/uploads\/2021\/06\/BIMG_1864-scaled.jpg\"><img loading=\"lazy\" decoding=\"async\" width=\"768\" height=\"1024\" data-id=\"407\" src=\"https:\/\/www.zimda-kropf.ch\/wp-content\/uploads\/2021\/06\/BIMG_1864-768x1024.jpg\" alt=\"\" class=\"wp-image-407\" srcset=\"https:\/\/www.zimda-kropf.ch\/wp-content\/uploads\/2021\/06\/BIMG_1864-768x1024.jpg 768w, https:\/\/www.zimda-kropf.ch\/wp-content\/uploads\/2021\/06\/BIMG_1864-225x300.jpg 225w, https:\/\/www.zimda-kropf.ch\/wp-content\/uploads\/2021\/06\/BIMG_1864-1152x1536.jpg 1152w, https:\/\/www.zimda-kropf.ch\/wp-content\/uploads\/2021\/06\/BIMG_1864-1536x2048.jpg 1536w, https:\/\/www.zimda-kropf.ch\/wp-content\/uploads\/2021\/06\/BIMG_1864-scaled.jpg 1920w\" sizes=\"auto, (max-width: 768px) 100vw, 768px\" \/><\/a><\/figure>\n\n\n\n<figure class=\"wp-block-image size-large\"><a href=\"https:\/\/www.zimda-kropf.ch\/wp-content\/uploads\/2021\/06\/BIMG_0052-1-scaled.jpg\"><img loading=\"lazy\" decoding=\"async\" width=\"1024\" height=\"768\" data-id=\"408\" src=\"https:\/\/www.zimda-kropf.ch\/wp-content\/uploads\/2021\/06\/BIMG_0052-1-1024x768.jpg\" alt=\"\" class=\"wp-image-408\" srcset=\"https:\/\/www.zimda-kropf.ch\/wp-content\/uploads\/2021\/06\/BIMG_0052-1-1024x768.jpg 1024w, https:\/\/www.zimda-kropf.ch\/wp-content\/uploads\/2021\/06\/BIMG_0052-1-300x225.jpg 300w, https:\/\/www.zimda-kropf.ch\/wp-content\/uploads\/2021\/06\/BIMG_0052-1-768x576.jpg 768w, https:\/\/www.zimda-kropf.ch\/wp-content\/uploads\/2021\/06\/BIMG_0052-1-1536x1152.jpg 1536w, https:\/\/www.zimda-kropf.ch\/wp-content\/uploads\/2021\/06\/BIMG_0052-1-2048x1536.jpg 2048w\" sizes=\"auto, (max-width: 1024px) 100vw, 1024px\" \/><\/a><\/figure>\n\n\n\n<figure class=\"wp-block-image size-large\"><a href=\"https:\/\/www.zimda-kropf.ch\/wp-content\/uploads\/2021\/06\/BIMG_5855-scaled.jpg\"><img loading=\"lazy\" decoding=\"async\" width=\"768\" height=\"1024\" data-id=\"409\" src=\"https:\/\/www.zimda-kropf.ch\/wp-content\/uploads\/2021\/06\/BIMG_5855-768x1024.jpg\" alt=\"\" class=\"wp-image-409\" srcset=\"https:\/\/www.zimda-kropf.ch\/wp-content\/uploads\/2021\/06\/BIMG_5855-768x1024.jpg 768w, https:\/\/www.zimda-kropf.ch\/wp-content\/uploads\/2021\/06\/BIMG_5855-225x300.jpg 225w, https:\/\/www.zimda-kropf.ch\/wp-content\/uploads\/2021\/06\/BIMG_5855-1152x1536.jpg 1152w, https:\/\/www.zimda-kropf.ch\/wp-content\/uploads\/2021\/06\/BIMG_5855-1536x2048.jpg 1536w, https:\/\/www.zimda-kropf.ch\/wp-content\/uploads\/2021\/06\/BIMG_5855-scaled.jpg 1920w\" sizes=\"auto, (max-width: 768px) 100vw, 768px\" \/><\/a><\/figure>\n\n\n\n<figure class=\"wp-block-image size-large\"><a href=\"https:\/\/www.zimda-kropf.ch\/wp-content\/uploads\/2021\/06\/BIMG_3272-scaled.jpg\"><img loading=\"lazy\" decoding=\"async\" width=\"1024\" height=\"768\" data-id=\"410\" src=\"https:\/\/www.zimda-kropf.ch\/wp-content\/uploads\/2021\/06\/BIMG_3272-1024x768.jpg\" alt=\"\" class=\"wp-image-410\" srcset=\"https:\/\/www.zimda-kropf.ch\/wp-content\/uploads\/2021\/06\/BIMG_3272-1024x768.jpg 1024w, https:\/\/www.zimda-kropf.ch\/wp-content\/uploads\/2021\/06\/BIMG_3272-300x225.jpg 300w, https:\/\/www.zimda-kropf.ch\/wp-content\/uploads\/2021\/06\/BIMG_3272-768x576.jpg 768w, https:\/\/www.zimda-kropf.ch\/wp-content\/uploads\/2021\/06\/BIMG_3272-1536x1152.jpg 1536w, https:\/\/www.zimda-kropf.ch\/wp-content\/uploads\/2021\/06\/BIMG_3272-2048x1536.jpg 2048w\" sizes=\"auto, (max-width: 1024px) 100vw, 1024px\" \/><\/a><\/figure>\n<\/figure>\n","protected":false},"excerpt":{"rendered":"<p>Sie m\u00f6chten mehr Licht, Frischluft oder eine angenehme Wohnqualit\u00e4t? Dann ist ein Dachfenster genau das Richtige f\u00fcr Sie. Wir montieren Velux Dachfenster in verschiedenen Varianten. Unsere Dachfenster werden fachgerecht inklusive &#8230;<\/p>\n","protected":false},"author":1,"featured_media":0,"parent":0,"menu_order":0,"comment_status":"closed","ping_status":"closed","template":"","meta":{"footnotes":""},"class_list":["post-20","page","type-page","status-publish","hentry"],"jetpack_sharing_enabled":true,"_links":{"self":[{"href":"https:\/\/www.zimda-kropf.ch\/index.php?rest_route=\/wp\/v2\/pages\/20","targetHints":{"allow":["GET"]}}],"collection":[{"href":"https:\/\/www.zimda-kropf.ch\/index.php?rest_route=\/wp\/v2\/pages"}],"about":[{"href":"https:\/\/www.zimda-kropf.ch\/index.php?rest_route=\/wp\/v2\/types\/page"}],"author":[{"embeddable":true,"href":"https:\/\/www.zimda-kropf.ch\/index.php?rest_route=\/wp\/v2\/users\/1"}],"replies":[{"embeddable":true,"href":"https:\/\/www.zimda-kropf.ch\/index.php?rest_route=%2Fwp%2Fv2%2Fcomments&post=20"}],"version-history":[{"count":5,"href":"https:\/\/www.zimda-kropf.ch\/index.php?rest_route=\/wp\/v2\/pages\/20\/revisions"}],"predecessor-version":[{"id":722,"href":"https:\/\/www.zimda-kropf.ch\/index.php?rest_route=\/wp\/v2\/pages\/20\/revisions\/722"}],"wp:attachment":[{"href":"https:\/\/www.zimda-kropf.ch\/index.php?rest_route=%2Fwp%2Fv2%2Fmedia&parent=20"}],"curies":[{"name":"wp","href":"https:\/\/api.w.org\/{rel}","templated":true}]}}