{"id":19,"date":"2021-05-24T15:23:43","date_gmt":"2021-05-24T14:23:43","guid":{"rendered":"https:\/\/www.zimda-kropf.ch\/?page_id=19"},"modified":"2024-01-04T10:02:25","modified_gmt":"2024-01-04T09:02:25","slug":"geruestbau-absturzsicherung","status":"publish","type":"page","link":"https:\/\/www.zimda-kropf.ch\/?page_id=19","title":{"rendered":"Ger\u00fcstbau\/Absturzsicherung"},"content":{"rendered":"\n<p class=\"has-normal-font-size\">Die Sicherheit aller am Bau beteiligten Personen steht an erster Stelle. Eine Dachsanierung ohne ein Arbeitsger\u00fcst kann nicht ausgef\u00fchrt werden. Deshalb wird ein Bauger\u00fcst von uns mit h\u00f6chster Sorgfalt und Konzentration erstellt, damit ein Absturz verhindert werden kann. Das neue Fallschutzsystem welches an die Fassade abgest\u00fctzt werden kann, eignet sich vorallem f\u00fcr die Montage von PV Anlagen. Es muss nicht ein ganzes Arbeitsger\u00fcst erstellt werden.<\/p>\n\n\n\n<div class=\"wp-block-jetpack-slideshow aligncenter\" data-effect=\"slide\"><div class=\"wp-block-jetpack-slideshow_container swiper-container\"><ul class=\"wp-block-jetpack-slideshow_swiper-wrapper swiper-wrapper\"><li class=\"wp-block-jetpack-slideshow_slide swiper-slide\"><figure><img loading=\"lazy\" decoding=\"async\" width=\"1536\" height=\"2048\" alt=\"\" class=\"wp-block-jetpack-slideshow_image wp-image-702\" data-id=\"702\" src=\"https:\/\/www.zimda-kropf.ch\/wp-content\/uploads\/2024\/01\/RUMX6360.jpg\" srcset=\"https:\/\/www.zimda-kropf.ch\/wp-content\/uploads\/2024\/01\/RUMX6360.jpg 1536w, https:\/\/www.zimda-kropf.ch\/wp-content\/uploads\/2024\/01\/RUMX6360-225x300.jpg 225w, https:\/\/www.zimda-kropf.ch\/wp-content\/uploads\/2024\/01\/RUMX6360-768x1024.jpg 768w, https:\/\/www.zimda-kropf.ch\/wp-content\/uploads\/2024\/01\/RUMX6360-1152x1536.jpg 1152w\" sizes=\"auto, (max-width: 1536px) 100vw, 1536px\" \/><\/figure><\/li><li class=\"wp-block-jetpack-slideshow_slide swiper-slide\"><figure><img loading=\"lazy\" decoding=\"async\" width=\"1536\" height=\"2048\" alt=\"\" class=\"wp-block-jetpack-slideshow_image wp-image-701\" data-id=\"701\" src=\"https:\/\/www.zimda-kropf.ch\/wp-content\/uploads\/2024\/01\/NSNI4876.jpg\" srcset=\"https:\/\/www.zimda-kropf.ch\/wp-content\/uploads\/2024\/01\/NSNI4876.jpg 1536w, https:\/\/www.zimda-kropf.ch\/wp-content\/uploads\/2024\/01\/NSNI4876-225x300.jpg 225w, https:\/\/www.zimda-kropf.ch\/wp-content\/uploads\/2024\/01\/NSNI4876-768x1024.jpg 768w, https:\/\/www.zimda-kropf.ch\/wp-content\/uploads\/2024\/01\/NSNI4876-1152x1536.jpg 1152w\" sizes=\"auto, (max-width: 1536px) 100vw, 1536px\" \/><\/figure><\/li><li class=\"wp-block-jetpack-slideshow_slide swiper-slide\"><figure><img loading=\"lazy\" decoding=\"async\" width=\"1536\" height=\"2048\" alt=\"\" class=\"wp-block-jetpack-slideshow_image wp-image-698\" data-id=\"698\" src=\"https:\/\/www.zimda-kropf.ch\/wp-content\/uploads\/2024\/01\/AFBO2317.jpg\" srcset=\"https:\/\/www.zimda-kropf.ch\/wp-content\/uploads\/2024\/01\/AFBO2317.jpg 1536w, https:\/\/www.zimda-kropf.ch\/wp-content\/uploads\/2024\/01\/AFBO2317-225x300.jpg 225w, https:\/\/www.zimda-kropf.ch\/wp-content\/uploads\/2024\/01\/AFBO2317-768x1024.jpg 768w, https:\/\/www.zimda-kropf.ch\/wp-content\/uploads\/2024\/01\/AFBO2317-1152x1536.jpg 1152w\" sizes=\"auto, (max-width: 1536px) 100vw, 1536px\" \/><\/figure><\/li><li class=\"wp-block-jetpack-slideshow_slide swiper-slide\"><figure><img loading=\"lazy\" decoding=\"async\" width=\"1536\" height=\"2048\" alt=\"\" class=\"wp-block-jetpack-slideshow_image wp-image-700\" data-id=\"700\" src=\"https:\/\/www.zimda-kropf.ch\/wp-content\/uploads\/2024\/01\/EGHG7334.jpg\" srcset=\"https:\/\/www.zimda-kropf.ch\/wp-content\/uploads\/2024\/01\/EGHG7334.jpg 1536w, https:\/\/www.zimda-kropf.ch\/wp-content\/uploads\/2024\/01\/EGHG7334-225x300.jpg 225w, https:\/\/www.zimda-kropf.ch\/wp-content\/uploads\/2024\/01\/EGHG7334-768x1024.jpg 768w, https:\/\/www.zimda-kropf.ch\/wp-content\/uploads\/2024\/01\/EGHG7334-1152x1536.jpg 1152w\" sizes=\"auto, (max-width: 1536px) 100vw, 1536px\" \/><\/figure><\/li><li class=\"wp-block-jetpack-slideshow_slide swiper-slide\"><figure><img loading=\"lazy\" decoding=\"async\" width=\"1536\" height=\"2048\" alt=\"\" class=\"wp-block-jetpack-slideshow_image wp-image-699\" data-id=\"699\" src=\"https:\/\/www.zimda-kropf.ch\/wp-content\/uploads\/2024\/01\/APPC2489.jpg\" srcset=\"https:\/\/www.zimda-kropf.ch\/wp-content\/uploads\/2024\/01\/APPC2489.jpg 1536w, https:\/\/www.zimda-kropf.ch\/wp-content\/uploads\/2024\/01\/APPC2489-225x300.jpg 225w, https:\/\/www.zimda-kropf.ch\/wp-content\/uploads\/2024\/01\/APPC2489-768x1024.jpg 768w, https:\/\/www.zimda-kropf.ch\/wp-content\/uploads\/2024\/01\/APPC2489-1152x1536.jpg 1152w\" sizes=\"auto, (max-width: 1536px) 100vw, 1536px\" \/><\/figure><\/li><li class=\"wp-block-jetpack-slideshow_slide swiper-slide\"><figure><img loading=\"lazy\" decoding=\"async\" width=\"1440\" height=\"2560\" alt=\"\" class=\"wp-block-jetpack-slideshow_image wp-image-428\" data-id=\"428\" src=\"https:\/\/www.zimda-kropf.ch\/wp-content\/uploads\/2021\/06\/BDASZ2236-1-scaled.jpg\" srcset=\"https:\/\/www.zimda-kropf.ch\/wp-content\/uploads\/2021\/06\/BDASZ2236-1-scaled.jpg 1440w, https:\/\/www.zimda-kropf.ch\/wp-content\/uploads\/2021\/06\/BDASZ2236-1-169x300.jpg 169w, https:\/\/www.zimda-kropf.ch\/wp-content\/uploads\/2021\/06\/BDASZ2236-1-576x1024.jpg 576w, https:\/\/www.zimda-kropf.ch\/wp-content\/uploads\/2021\/06\/BDASZ2236-1-768x1365.jpg 768w, https:\/\/www.zimda-kropf.ch\/wp-content\/uploads\/2021\/06\/BDASZ2236-1-864x1536.jpg 864w, https:\/\/www.zimda-kropf.ch\/wp-content\/uploads\/2021\/06\/BDASZ2236-1-1152x2048.jpg 1152w\" sizes=\"auto, (max-width: 1440px) 100vw, 1440px\" \/><\/figure><\/li><li class=\"wp-block-jetpack-slideshow_slide swiper-slide\"><figure><img loading=\"lazy\" decoding=\"async\" width=\"1440\" height=\"1394\" alt=\"\" class=\"wp-block-jetpack-slideshow_image wp-image-429\" data-id=\"429\" src=\"https:\/\/www.zimda-kropf.ch\/wp-content\/uploads\/2021\/06\/MDER5432.jpg\" srcset=\"https:\/\/www.zimda-kropf.ch\/wp-content\/uploads\/2021\/06\/MDER5432.jpg 1440w, https:\/\/www.zimda-kropf.ch\/wp-content\/uploads\/2021\/06\/MDER5432-300x290.jpg 300w, https:\/\/www.zimda-kropf.ch\/wp-content\/uploads\/2021\/06\/MDER5432-1024x991.jpg 1024w, https:\/\/www.zimda-kropf.ch\/wp-content\/uploads\/2021\/06\/MDER5432-768x743.jpg 768w\" sizes=\"auto, (max-width: 1440px) 100vw, 1440px\" \/><\/figure><\/li><li class=\"wp-block-jetpack-slideshow_slide swiper-slide\"><figure><img loading=\"lazy\" decoding=\"async\" width=\"1440\" height=\"1399\" alt=\"\" class=\"wp-block-jetpack-slideshow_image wp-image-430\" data-id=\"430\" src=\"https:\/\/www.zimda-kropf.ch\/wp-content\/uploads\/2021\/06\/SHRA7878-2.jpg\" srcset=\"https:\/\/www.zimda-kropf.ch\/wp-content\/uploads\/2021\/06\/SHRA7878-2.jpg 1440w, https:\/\/www.zimda-kropf.ch\/wp-content\/uploads\/2021\/06\/SHRA7878-2-300x291.jpg 300w, https:\/\/www.zimda-kropf.ch\/wp-content\/uploads\/2021\/06\/SHRA7878-2-1024x995.jpg 1024w, https:\/\/www.zimda-kropf.ch\/wp-content\/uploads\/2021\/06\/SHRA7878-2-768x746.jpg 768w\" sizes=\"auto, (max-width: 1440px) 100vw, 1440px\" \/><\/figure><\/li><li class=\"wp-block-jetpack-slideshow_slide swiper-slide\"><figure><img loading=\"lazy\" decoding=\"async\" width=\"2560\" height=\"1440\" alt=\"\" class=\"wp-block-jetpack-slideshow_image wp-image-432\" data-id=\"432\" src=\"https:\/\/www.zimda-kropf.ch\/wp-content\/uploads\/2021\/06\/BMUTJ3235-scaled.jpg\" srcset=\"https:\/\/www.zimda-kropf.ch\/wp-content\/uploads\/2021\/06\/BMUTJ3235-scaled.jpg 2560w, https:\/\/www.zimda-kropf.ch\/wp-content\/uploads\/2021\/06\/BMUTJ3235-300x169.jpg 300w, https:\/\/www.zimda-kropf.ch\/wp-content\/uploads\/2021\/06\/BMUTJ3235-1024x576.jpg 1024w, https:\/\/www.zimda-kropf.ch\/wp-content\/uploads\/2021\/06\/BMUTJ3235-768x432.jpg 768w, https:\/\/www.zimda-kropf.ch\/wp-content\/uploads\/2021\/06\/BMUTJ3235-1536x864.jpg 1536w, https:\/\/www.zimda-kropf.ch\/wp-content\/uploads\/2021\/06\/BMUTJ3235-2048x1152.jpg 2048w\" sizes=\"auto, (max-width: 2560px) 100vw, 2560px\" \/><\/figure><\/li><li class=\"wp-block-jetpack-slideshow_slide swiper-slide\"><figure><img loading=\"lazy\" decoding=\"async\" width=\"2560\" height=\"1920\" alt=\"\" class=\"wp-block-jetpack-slideshow_image wp-image-433\" data-id=\"433\" src=\"https:\/\/www.zimda-kropf.ch\/wp-content\/uploads\/2021\/06\/BIMG_E5542-scaled.jpg\" srcset=\"https:\/\/www.zimda-kropf.ch\/wp-content\/uploads\/2021\/06\/BIMG_E5542-scaled.jpg 2560w, https:\/\/www.zimda-kropf.ch\/wp-content\/uploads\/2021\/06\/BIMG_E5542-300x225.jpg 300w, https:\/\/www.zimda-kropf.ch\/wp-content\/uploads\/2021\/06\/BIMG_E5542-1024x768.jpg 1024w, https:\/\/www.zimda-kropf.ch\/wp-content\/uploads\/2021\/06\/BIMG_E5542-768x576.jpg 768w, https:\/\/www.zimda-kropf.ch\/wp-content\/uploads\/2021\/06\/BIMG_E5542-1536x1152.jpg 1536w, https:\/\/www.zimda-kropf.ch\/wp-content\/uploads\/2021\/06\/BIMG_E5542-2048x1536.jpg 2048w\" sizes=\"auto, (max-width: 2560px) 100vw, 2560px\" \/><\/figure><\/li><li class=\"wp-block-jetpack-slideshow_slide swiper-slide\"><figure><img loading=\"lazy\" decoding=\"async\" width=\"2560\" height=\"1920\" alt=\"\" class=\"wp-block-jetpack-slideshow_image wp-image-434\" data-id=\"434\" src=\"https:\/\/www.zimda-kropf.ch\/wp-content\/uploads\/2021\/06\/BIMG_E5538-scaled.jpg\" srcset=\"https:\/\/www.zimda-kropf.ch\/wp-content\/uploads\/2021\/06\/BIMG_E5538-scaled.jpg 2560w, https:\/\/www.zimda-kropf.ch\/wp-content\/uploads\/2021\/06\/BIMG_E5538-300x225.jpg 300w, https:\/\/www.zimda-kropf.ch\/wp-content\/uploads\/2021\/06\/BIMG_E5538-1024x768.jpg 1024w, https:\/\/www.zimda-kropf.ch\/wp-content\/uploads\/2021\/06\/BIMG_E5538-768x576.jpg 768w, https:\/\/www.zimda-kropf.ch\/wp-content\/uploads\/2021\/06\/BIMG_E5538-1536x1152.jpg 1536w, https:\/\/www.zimda-kropf.ch\/wp-content\/uploads\/2021\/06\/BIMG_E5538-2048x1536.jpg 2048w\" sizes=\"auto, (max-width: 2560px) 100vw, 2560px\" \/><\/figure><\/li><li class=\"wp-block-jetpack-slideshow_slide swiper-slide\"><figure><img loading=\"lazy\" decoding=\"async\" width=\"2560\" height=\"1920\" alt=\"\" class=\"wp-block-jetpack-slideshow_image wp-image-435\" data-id=\"435\" src=\"https:\/\/www.zimda-kropf.ch\/wp-content\/uploads\/2021\/06\/BIMG_E4529-scaled.jpg\" srcset=\"https:\/\/www.zimda-kropf.ch\/wp-content\/uploads\/2021\/06\/BIMG_E4529-scaled.jpg 2560w, https:\/\/www.zimda-kropf.ch\/wp-content\/uploads\/2021\/06\/BIMG_E4529-300x225.jpg 300w, https:\/\/www.zimda-kropf.ch\/wp-content\/uploads\/2021\/06\/BIMG_E4529-1024x768.jpg 1024w, https:\/\/www.zimda-kropf.ch\/wp-content\/uploads\/2021\/06\/BIMG_E4529-768x576.jpg 768w, https:\/\/www.zimda-kropf.ch\/wp-content\/uploads\/2021\/06\/BIMG_E4529-1536x1152.jpg 1536w, https:\/\/www.zimda-kropf.ch\/wp-content\/uploads\/2021\/06\/BIMG_E4529-2048x1536.jpg 2048w\" sizes=\"auto, (max-width: 2560px) 100vw, 2560px\" \/><\/figure><\/li><li class=\"wp-block-jetpack-slideshow_slide swiper-slide\"><figure><img loading=\"lazy\" decoding=\"async\" width=\"2560\" height=\"1920\" alt=\"\" class=\"wp-block-jetpack-slideshow_image wp-image-436\" data-id=\"436\" src=\"https:\/\/www.zimda-kropf.ch\/wp-content\/uploads\/2021\/06\/BIMG_5539-scaled.jpg\" srcset=\"https:\/\/www.zimda-kropf.ch\/wp-content\/uploads\/2021\/06\/BIMG_5539-scaled.jpg 2560w, https:\/\/www.zimda-kropf.ch\/wp-content\/uploads\/2021\/06\/BIMG_5539-300x225.jpg 300w, https:\/\/www.zimda-kropf.ch\/wp-content\/uploads\/2021\/06\/BIMG_5539-1024x768.jpg 1024w, https:\/\/www.zimda-kropf.ch\/wp-content\/uploads\/2021\/06\/BIMG_5539-768x576.jpg 768w, https:\/\/www.zimda-kropf.ch\/wp-content\/uploads\/2021\/06\/BIMG_5539-1536x1152.jpg 1536w, https:\/\/www.zimda-kropf.ch\/wp-content\/uploads\/2021\/06\/BIMG_5539-2048x1536.jpg 2048w\" sizes=\"auto, (max-width: 2560px) 100vw, 2560px\" \/><\/figure><\/li><li class=\"wp-block-jetpack-slideshow_slide swiper-slide\"><figure><img loading=\"lazy\" decoding=\"async\" width=\"2560\" height=\"1920\" alt=\"\" class=\"wp-block-jetpack-slideshow_image wp-image-437\" data-id=\"437\" src=\"https:\/\/www.zimda-kropf.ch\/wp-content\/uploads\/2021\/06\/BIMG_5537-scaled.jpg\" srcset=\"https:\/\/www.zimda-kropf.ch\/wp-content\/uploads\/2021\/06\/BIMG_5537-scaled.jpg 2560w, https:\/\/www.zimda-kropf.ch\/wp-content\/uploads\/2021\/06\/BIMG_5537-300x225.jpg 300w, https:\/\/www.zimda-kropf.ch\/wp-content\/uploads\/2021\/06\/BIMG_5537-1024x768.jpg 1024w, https:\/\/www.zimda-kropf.ch\/wp-content\/uploads\/2021\/06\/BIMG_5537-768x576.jpg 768w, https:\/\/www.zimda-kropf.ch\/wp-content\/uploads\/2021\/06\/BIMG_5537-1536x1152.jpg 1536w, https:\/\/www.zimda-kropf.ch\/wp-content\/uploads\/2021\/06\/BIMG_5537-2048x1536.jpg 2048w\" sizes=\"auto, (max-width: 2560px) 100vw, 2560px\" \/><\/figure><\/li><li class=\"wp-block-jetpack-slideshow_slide swiper-slide\"><figure><img loading=\"lazy\" decoding=\"async\" width=\"2560\" height=\"1440\" alt=\"\" class=\"wp-block-jetpack-slideshow_image wp-image-438\" data-id=\"438\" src=\"https:\/\/www.zimda-kropf.ch\/wp-content\/uploads\/2021\/06\/BUDJA9146-scaled.jpg\" srcset=\"https:\/\/www.zimda-kropf.ch\/wp-content\/uploads\/2021\/06\/BUDJA9146-scaled.jpg 2560w, https:\/\/www.zimda-kropf.ch\/wp-content\/uploads\/2021\/06\/BUDJA9146-300x169.jpg 300w, https:\/\/www.zimda-kropf.ch\/wp-content\/uploads\/2021\/06\/BUDJA9146-1024x576.jpg 1024w, https:\/\/www.zimda-kropf.ch\/wp-content\/uploads\/2021\/06\/BUDJA9146-768x432.jpg 768w, https:\/\/www.zimda-kropf.ch\/wp-content\/uploads\/2021\/06\/BUDJA9146-1536x864.jpg 1536w, https:\/\/www.zimda-kropf.ch\/wp-content\/uploads\/2021\/06\/BUDJA9146-2048x1152.jpg 2048w\" sizes=\"auto, (max-width: 2560px) 100vw, 2560px\" \/><\/figure><\/li><\/ul><a class=\"wp-block-jetpack-slideshow_button-prev swiper-button-prev swiper-button-white\" role=\"button\"><\/a><a class=\"wp-block-jetpack-slideshow_button-next swiper-button-next swiper-button-white\" role=\"button\"><\/a><a aria-label=\"Pause Slideshow\" class=\"wp-block-jetpack-slideshow_button-pause\" role=\"button\"><\/a><div class=\"wp-block-jetpack-slideshow_pagination swiper-pagination swiper-pagination-white\"><\/div><\/div><\/div>\n","protected":false},"excerpt":{"rendered":"<p>Die Sicherheit aller am Bau beteiligten Personen steht an erster Stelle. Eine Dachsanierung ohne ein Arbeitsger\u00fcst kann nicht ausgef\u00fchrt werden. Deshalb wird ein Bauger\u00fcst von uns mit h\u00f6chster Sorgfalt und &#8230;<\/p>\n","protected":false},"author":1,"featured_media":0,"parent":0,"menu_order":0,"comment_status":"closed","ping_status":"closed","template":"","meta":{"footnotes":""},"class_list":["post-19","page","type-page","status-publish","hentry"],"jetpack_sharing_enabled":true,"_links":{"self":[{"href":"https:\/\/www.zimda-kropf.ch\/index.php?rest_route=\/wp\/v2\/pages\/19","targetHints":{"allow":["GET"]}}],"collection":[{"href":"https:\/\/www.zimda-kropf.ch\/index.php?rest_route=\/wp\/v2\/pages"}],"about":[{"href":"https:\/\/www.zimda-kropf.ch\/index.php?rest_route=\/wp\/v2\/types\/page"}],"author":[{"embeddable":true,"href":"https:\/\/www.zimda-kropf.ch\/index.php?rest_route=\/wp\/v2\/users\/1"}],"replies":[{"embeddable":true,"href":"https:\/\/www.zimda-kropf.ch\/index.php?rest_route=%2Fwp%2Fv2%2Fcomments&post=19"}],"version-history":[{"count":7,"href":"https:\/\/www.zimda-kropf.ch\/index.php?rest_route=\/wp\/v2\/pages\/19\/revisions"}],"predecessor-version":[{"id":703,"href":"https:\/\/www.zimda-kropf.ch\/index.php?rest_route=\/wp\/v2\/pages\/19\/revisions\/703"}],"wp:attachment":[{"href":"https:\/\/www.zimda-kropf.ch\/index.php?rest_route=%2Fwp%2Fv2%2Fmedia&parent=19"}],"curies":[{"name":"wp","href":"https:\/\/api.w.org\/{rel}","templated":true}]}}